{"id":408,"date":"2021-08-10T14:42:52","date_gmt":"2021-08-10T14:42:52","guid":{"rendered":"http:\/\/nutzfahrzeuge-omega.de\/?page_id=408"},"modified":"2021-08-12T15:41:22","modified_gmt":"2021-08-12T15:41:22","slug":"datenschutz","status":"publish","type":"page","link":"https:\/\/nutzfahrzeuge-omega.de\/?page_id=408","title":{"rendered":"Datenschutz"},"content":{"rendered":"\t\t<div data-elementor-type=\"wp-page\" data-elementor-id=\"408\" class=\"elementor elementor-408\" data-elementor-settings=\"[]\">\n\t\t\t\t\t\t<div class=\"elementor-inner\">\n\t\t\t\t\t\t\t<div class=\"elementor-section-wrap\">\n\t\t\t\t\t\t\t<section class=\"has_ma_el_slider elementor-section elementor-top-section elementor-element elementor-element-9fcbdc7 elementor-section-boxed elementor-section-height-default elementor-section-height-default\" data-id=\"9fcbdc7\" data-element_type=\"section\">\n\t\t\t\t\t\t<div class=\"elementor-container elementor-column-gap-default\">\n\t\t\t\t\t\t\t<div class=\"elementor-row\">\n\t\t\t\t\t<div class=\"has_ma_el_slider elementor-column elementor-col-100 elementor-top-column elementor-element elementor-element-203c604\" data-id=\"203c604\" data-element_type=\"column\">\n\t\t\t<div class=\"elementor-column-wrap elementor-element-populated\">\n\t\t\t\t\t\t\t<div class=\"elementor-widget-wrap\">\n\t\t\t\t\t\t<div class=\"elementor-element elementor-element-71a65fe elementor-widget elementor-widget-image\" data-id=\"71a65fe\" data-element_type=\"widget\" data-widget_type=\"image.default\">\n\t\t\t\t<div class=\"elementor-widget-container\">\n\t\t\t\t\t<div class=\"elementor-image\">\n\t\t\t\t\t\t\t\t\t\t<img width=\"250\" height=\"86\" src=\"https:\/\/nutzfahrzeuge-omega.de\/wp-content\/uploads\/2021\/08\/OMEGA_Klein_Google..jpg\" class=\"attachment-large size-large\" alt=\"\" loading=\"lazy\" \/>\t\t\t\t\t\t\t\t\t\t\t<\/div>\n\t\t\t\t<\/div>\n\t\t\t\t<\/div>\n\t\t\t\t<div class=\"elementor-element elementor-element-75d9182 elementor-widget elementor-widget-heading\" data-id=\"75d9182\" data-element_type=\"widget\" data-widget_type=\"heading.default\">\n\t\t\t\t<div class=\"elementor-widget-container\">\n\t\t\t<h2 class=\"elementor-heading-title elementor-size-default\">Datenschutzerkl\u00e4rung <\/h2>\t\t<\/div>\n\t\t\t\t<\/div>\n\t\t\t\t<div class=\"elementor-element elementor-element-9964042 elementor-widget elementor-widget-text-editor\" data-id=\"9964042\" data-element_type=\"widget\" data-widget_type=\"text-editor.default\">\n\t\t\t\t<div class=\"elementor-widget-container\">\n\t\t\t\t\t<div class=\"elementor-text-editor elementor-clearfix\"><p class=\"MsoNormal\" style=\"margin-bottom:0cm;line-height:normal\"><b><span style=\"font-size:12.0pt;font-family:&quot;Calibri Light&quot;,sans-serif;mso-ascii-theme-font:\nmajor-latin;mso-fareast-font-family:&quot;Times New Roman&quot;;mso-hansi-theme-font:\nmajor-latin;mso-bidi-theme-font:major-latin;mso-fareast-language:DE\">Datenschutz<\/span><\/b><span style=\"font-size:12.0pt;font-family:&quot;Calibri Light&quot;,sans-serif;mso-ascii-theme-font:\nmajor-latin;mso-fareast-font-family:&quot;Times New Roman&quot;;mso-hansi-theme-font:\nmajor-latin;mso-bidi-theme-font:major-latin;mso-fareast-language:DE\"><o:p><\/o:p><\/span><\/p><p class=\"MsoNormal\" style=\"margin-bottom:0cm;line-height:normal\"><span style=\"font-size:12.0pt;font-family:&quot;Calibri Light&quot;,sans-serif;mso-ascii-theme-font:\nmajor-latin;mso-fareast-font-family:&quot;Times New Roman&quot;;mso-hansi-theme-font:\nmajor-latin;mso-bidi-theme-font:major-latin;mso-fareast-language:DE\">Der Schutz\nIhrer Privatsph\u00e4re bei der Verarbeitung pers\u00f6nlicher Daten ist uns besonders\nwichtig.&nbsp;Hier verschaffen Sie sich einen \u00dcberblick, welche Daten die wir\nzu welchem Zweck erheben und welche Sicherheitsma\u00dfnahmen wir\ntreffen.&nbsp;Pers\u00f6nliche Daten, die Sie uns beim Besuch dieser Webseite\nmitteilen, werden gem\u00e4\u00df dem Bundesdatenschutzgesetz (BDSG) und anderen\ngesetzlichen Bestimmungen verarbeitet.&nbsp;Die Nutzung unserer Website ist in\nder Regel ohne Angabe personenbezogener Daten m\u00f6glich. Soweit auf unseren\nSeiten personenbezogene Daten (beispielsweise Name, Anschrift oder\nE-Mail-Adressen) erhoben werden, erfolgt dies, soweit m\u00f6glich, stets auf\nfreiwilliger Basis. Diese Daten werden ohne Ihre ausdr\u00fcckliche Zustimmung nicht\nan Dritte weitergegeben.<o:p><\/o:p><\/span><\/p><p class=\"MsoNormal\" style=\"margin-bottom:0cm;line-height:normal\"><span style=\"font-size:12.0pt;font-family:&quot;Calibri Light&quot;,sans-serif;mso-ascii-theme-font:\nmajor-latin;mso-fareast-font-family:&quot;Times New Roman&quot;;mso-hansi-theme-font:\nmajor-latin;mso-bidi-theme-font:major-latin;mso-fareast-language:DE\">&nbsp;<\/span><\/p><p class=\"MsoNormal\" style=\"margin-bottom:0cm;line-height:normal\"><span style=\"font-size:12.0pt;font-family:&quot;Calibri Light&quot;,sans-serif;mso-ascii-theme-font:\nmajor-latin;mso-fareast-font-family:&quot;Times New Roman&quot;;mso-hansi-theme-font:\nmajor-latin;mso-bidi-theme-font:major-latin;mso-fareast-language:DE\">Wir weisen\ndarauf hin, dass die Daten\u00fcbertragung im Internet (z. B. bei der Kommunikation\nper E-Mail) Sicherheitsl\u00fccken aufweisen kann. Ein l\u00fcckenloser Schutz der Daten\nvor dem Zugriff durch Dritte ist nicht m\u00f6glich.<o:p><\/o:p><\/span><\/p><p class=\"MsoNormal\" style=\"margin-bottom:0cm;line-height:normal\"><span style=\"font-size:12.0pt;font-family:&quot;Calibri Light&quot;,sans-serif;mso-ascii-theme-font:\nmajor-latin;mso-fareast-font-family:&quot;Times New Roman&quot;;mso-hansi-theme-font:\nmajor-latin;mso-bidi-theme-font:major-latin;mso-fareast-language:DE\">&nbsp;<\/span><\/p><p class=\"MsoNormal\" style=\"margin-bottom:0cm;line-height:normal\"><b><span style=\"font-size:12.0pt;font-family:&quot;Calibri Light&quot;,sans-serif;mso-ascii-theme-font:\nmajor-latin;mso-fareast-font-family:&quot;Times New Roman&quot;;mso-hansi-theme-font:\nmajor-latin;mso-bidi-theme-font:major-latin;mso-fareast-language:DE\">Cookies<\/span><\/b><span style=\"font-size:12.0pt;font-family:&quot;Calibri Light&quot;,sans-serif;mso-ascii-theme-font:\nmajor-latin;mso-fareast-font-family:&quot;Times New Roman&quot;;mso-hansi-theme-font:\nmajor-latin;mso-bidi-theme-font:major-latin;mso-fareast-language:DE\"><o:p><\/o:p><\/span><\/p><p class=\"MsoNormal\" style=\"margin-bottom:0cm;line-height:normal\"><span style=\"font-size:12.0pt;font-family:&quot;Calibri Light&quot;,sans-serif;mso-ascii-theme-font:\nmajor-latin;mso-fareast-font-family:&quot;Times New Roman&quot;;mso-hansi-theme-font:\nmajor-latin;mso-bidi-theme-font:major-latin;mso-fareast-language:DE\">Unsere\nInternetseiten verwenden teilweise sogenannte Cookies. Cookies sind kleine\nTextdateien, die auf Ihrem Rechner abgelegt werden und die Ihr Browser\nspeichert. Cookies richten auf Ihrem Rechner keinen Schaden an und enthalten\nkeine Viren. Cookies dienen dazu, unser Angebot nutzerfreundlicher, effektiver\nund sicherer zu machen.&nbsp;Die meisten der von uns verwendeten Cookies sind\nso genannte \u201eSession-Cookies\u201c. Sie werden nach Ende Ihres Besuchs automatisch\ngel\u00f6scht. Andere Cookies bleiben auf Ihrem Endger\u00e4t gespeichert, bis Sie diese\nl\u00f6schen. Diese Cookies erm\u00f6glichen es uns, Ihren Browser beim n\u00e4chsten Besuch\nwiederzuerkennen.<o:p><\/o:p><\/span><\/p><p class=\"MsoNormal\" style=\"margin-bottom:0cm;line-height:normal\"><span style=\"font-size:12.0pt;font-family:&quot;Calibri Light&quot;,sans-serif;mso-ascii-theme-font:\nmajor-latin;mso-fareast-font-family:&quot;Times New Roman&quot;;mso-hansi-theme-font:\nmajor-latin;mso-bidi-theme-font:major-latin;mso-fareast-language:DE\">&nbsp;<\/span><\/p><p class=\"MsoNormal\" style=\"margin-bottom:0cm;line-height:normal\"><span style=\"font-size:12.0pt;font-family:&quot;Calibri Light&quot;,sans-serif;mso-ascii-theme-font:\nmajor-latin;mso-fareast-font-family:&quot;Times New Roman&quot;;mso-hansi-theme-font:\nmajor-latin;mso-bidi-theme-font:major-latin;mso-fareast-language:DE\">Sie k\u00f6nnen\nIhren Browser so einstellen, dass Sie \u00fcber das Setzen von Cookies informiert\nwerden und Cookies nur im Einzelfall erlauben, die Annahme von Cookies f\u00fcr\nbestimmte F\u00e4lle oder generell ausschlie\u00dfen sowie das automatische L\u00f6schen der\nCookies beim Schlie\u00dfen des Browsers aktivieren. Bei der Deaktivierung von\nCookies kann die Funktionalit\u00e4t dieser Website eingeschr\u00e4nkt sein.<o:p><\/o:p><\/span><\/p><p class=\"MsoNormal\" style=\"margin-bottom:0cm;line-height:normal\"><span style=\"font-size:12.0pt;font-family:&quot;Calibri Light&quot;,sans-serif;mso-ascii-theme-font:\nmajor-latin;mso-fareast-font-family:&quot;Times New Roman&quot;;mso-hansi-theme-font:\nmajor-latin;mso-bidi-theme-font:major-latin;mso-fareast-language:DE\">&nbsp;<\/span><\/p><p class=\"MsoNormal\" style=\"margin-bottom:0cm;line-height:normal\"><b><span style=\"font-size:12.0pt;font-family:&quot;Calibri Light&quot;,sans-serif;mso-ascii-theme-font:\nmajor-latin;mso-fareast-font-family:&quot;Times New Roman&quot;;mso-hansi-theme-font:\nmajor-latin;mso-bidi-theme-font:major-latin;mso-fareast-language:DE\">Server-Log-Files<\/span><\/b><span style=\"font-size:12.0pt;font-family:&quot;Calibri Light&quot;,sans-serif;mso-ascii-theme-font:\nmajor-latin;mso-fareast-font-family:&quot;Times New Roman&quot;;mso-hansi-theme-font:\nmajor-latin;mso-bidi-theme-font:major-latin;mso-fareast-language:DE\"><o:p><\/o:p><\/span><\/p><p class=\"MsoNormal\" style=\"margin-bottom:0cm;line-height:normal\"><span style=\"font-size:12.0pt;font-family:&quot;Calibri Light&quot;,sans-serif;mso-ascii-theme-font:\nmajor-latin;mso-fareast-font-family:&quot;Times New Roman&quot;;mso-hansi-theme-font:\nmajor-latin;mso-bidi-theme-font:major-latin;mso-fareast-language:DE\">Der\nProvider der Seiten erhebt und speichert automatisch Informationen in so\ngenannten Server-Log Files, die Ihr Browser automatisch \u00fcbermittelt.&nbsp;Dies\nsind Browsertyp, Browserversion, Betriebssystem, Referer-URL, Hostname des\nRechners sowie Datum und Zeit der Anfrage.&nbsp;Diese Daten sind nicht\npersonenbezogen. Eine Zusammenf\u00fchrung dieser Daten mit anderen Datenquellen\nwird nicht vorgenommen.<o:p><\/o:p><\/span><\/p><p class=\"MsoNormal\" style=\"margin-bottom:0cm;line-height:normal\"><span style=\"font-size:12.0pt;font-family:&quot;Calibri Light&quot;,sans-serif;mso-ascii-theme-font:\nmajor-latin;mso-fareast-font-family:&quot;Times New Roman&quot;;mso-hansi-theme-font:\nmajor-latin;mso-bidi-theme-font:major-latin;mso-fareast-language:DE\">&nbsp;<\/span><\/p><p class=\"MsoNormal\" style=\"margin-bottom:0cm;line-height:normal\"><b><span style=\"font-size:12.0pt;font-family:&quot;Calibri Light&quot;,sans-serif;mso-ascii-theme-font:\nmajor-latin;mso-fareast-font-family:&quot;Times New Roman&quot;;mso-hansi-theme-font:\nmajor-latin;mso-bidi-theme-font:major-latin;mso-fareast-language:DE\">Kontaktformular<\/span><\/b><span style=\"font-size:12.0pt;font-family:&quot;Calibri Light&quot;,sans-serif;mso-ascii-theme-font:\nmajor-latin;mso-fareast-font-family:&quot;Times New Roman&quot;;mso-hansi-theme-font:\nmajor-latin;mso-bidi-theme-font:major-latin;mso-fareast-language:DE\"><o:p><\/o:p><\/span><\/p><p class=\"MsoNormal\" style=\"margin-bottom:0cm;line-height:normal\"><span style=\"font-size:12.0pt;font-family:&quot;Calibri Light&quot;,sans-serif;mso-ascii-theme-font:\nmajor-latin;mso-fareast-font-family:&quot;Times New Roman&quot;;mso-hansi-theme-font:\nmajor-latin;mso-bidi-theme-font:major-latin;mso-fareast-language:DE\">Wenn Sie\nuns per Kontaktformular Anfragen zukommen lassen, werden Ihre Angaben aus dem\nAnfrageformular inklusive der von Ihnen dort angegebenen Kontaktdaten zwecks\nBearbeitung der Anfrage und f\u00fcr den Fall von Anschlussfragen bei uns\ngespeichert. Diese Daten geben wir nicht weiter.<o:p><\/o:p><\/span><\/p><p class=\"MsoNormal\" style=\"margin-bottom:0cm;line-height:normal\"><span style=\"font-size:12.0pt;font-family:&quot;Calibri Light&quot;,sans-serif;mso-ascii-theme-font:\nmajor-latin;mso-fareast-font-family:&quot;Times New Roman&quot;;mso-hansi-theme-font:\nmajor-latin;mso-bidi-theme-font:major-latin;mso-fareast-language:DE\">&nbsp;<\/span><\/p><p class=\"MsoNormal\" style=\"margin-bottom:0cm;line-height:normal\"><span style=\"font-size:12.0pt;font-family:&quot;Calibri Light&quot;,sans-serif;mso-ascii-theme-font:\nmajor-latin;mso-fareast-font-family:&quot;Times New Roman&quot;;mso-hansi-theme-font:\nmajor-latin;mso-bidi-theme-font:major-latin;mso-fareast-language:DE\">&nbsp;<\/span><\/p><p class=\"MsoNormal\" style=\"margin-bottom:0cm;line-height:normal\"><b><span style=\"font-size:12.0pt;font-family:&quot;Calibri Light&quot;,sans-serif;mso-ascii-theme-font:\nmajor-latin;mso-fareast-font-family:&quot;Times New Roman&quot;;mso-hansi-theme-font:\nmajor-latin;mso-bidi-theme-font:major-latin;mso-fareast-language:DE\">Google\nAnalytics<\/span><\/b><span style=\"font-size:12.0pt;font-family:&quot;Calibri Light&quot;,sans-serif;\nmso-ascii-theme-font:major-latin;mso-fareast-font-family:&quot;Times New Roman&quot;;\nmso-hansi-theme-font:major-latin;mso-bidi-theme-font:major-latin;mso-fareast-language:\nDE\"><o:p><\/o:p><\/span><\/p><p class=\"MsoNormal\" style=\"margin-bottom:0cm;line-height:normal\"><span style=\"font-size:12.0pt;font-family:&quot;Calibri Light&quot;,sans-serif;mso-ascii-theme-font:\nmajor-latin;mso-fareast-font-family:&quot;Times New Roman&quot;;mso-hansi-theme-font:\nmajor-latin;mso-bidi-theme-font:major-latin;mso-fareast-language:DE\">Diese\nWebsite nutzt Funktionen des Webanalysedienstes Google Analytics. <\/span><span lang=\"EN-US\" style=\"font-size:12.0pt;font-family:&quot;Calibri Light&quot;,sans-serif;\nmso-ascii-theme-font:major-latin;mso-fareast-font-family:&quot;Times New Roman&quot;;\nmso-hansi-theme-font:major-latin;mso-bidi-theme-font:major-latin;mso-ansi-language:\nEN-US;mso-fareast-language:DE\">Anbieter ist die Google Inc., 1600 Amphitheatre\nParkway Mountain View, CA 94043, USA.&nbsp;<\/span><span style=\"font-size:12.0pt;\nfont-family:&quot;Calibri Light&quot;,sans-serif;mso-ascii-theme-font:major-latin;\nmso-fareast-font-family:&quot;Times New Roman&quot;;mso-hansi-theme-font:major-latin;\nmso-bidi-theme-font:major-latin;mso-fareast-language:DE\">Google Analytics\nverwendet so genannte \u201eCookies\u201c. Das sind Textdateien, die auf Ihrem Computer\ngespeichert werden und die eine Analyse der Benutzung der Website durch Sie\nerm\u00f6glichen. Die durch den Cookie erzeugten Informationen \u00fcber Ihre Benutzung\ndieser Website werden in der Regel an einen Server von Google in den USA\n\u00fcbertragen und dort gespeichert.&nbsp;Mehr Informationen zum Umgang mit\nNutzerdaten bei Google Analytics finden Sie in der Datenschutzerkl\u00e4rung von\nGoogle: <\/span><a href=\"https:\/\/support.google.com\/analytics\/answer\/6004245?hl=de\" target=\"_blank\"><span style=\"font-size:12.0pt;font-family:&quot;Calibri Light&quot;,sans-serif;mso-ascii-theme-font:\nmajor-latin;mso-fareast-font-family:&quot;Times New Roman&quot;;mso-hansi-theme-font:\nmajor-latin;mso-bidi-theme-font:major-latin;color:blue;mso-fareast-language:\nDE\">https:\/\/support.google.com\/analytics\/answer\/6004245?hl=de<\/span><\/a><span style=\"font-size:12.0pt;font-family:&quot;Calibri Light&quot;,sans-serif;mso-ascii-theme-font:\nmajor-latin;mso-fareast-font-family:&quot;Times New Roman&quot;;mso-hansi-theme-font:\nmajor-latin;mso-bidi-theme-font:major-latin;mso-fareast-language:DE\"><o:p><\/o:p><\/span><\/p><p class=\"MsoNormal\" style=\"margin-bottom:0cm;line-height:normal\"><span style=\"font-size:12.0pt;font-family:&quot;Calibri Light&quot;,sans-serif;mso-ascii-theme-font:\nmajor-latin;mso-fareast-font-family:&quot;Times New Roman&quot;;mso-hansi-theme-font:\nmajor-latin;mso-bidi-theme-font:major-latin;mso-fareast-language:DE\">&nbsp;<\/span><\/p><p class=\"MsoNormal\" style=\"margin-bottom:0cm;line-height:normal\"><b><span style=\"font-size:12.0pt;font-family:&quot;Calibri Light&quot;,sans-serif;mso-ascii-theme-font:\nmajor-latin;mso-fareast-font-family:&quot;Times New Roman&quot;;mso-hansi-theme-font:\nmajor-latin;mso-bidi-theme-font:major-latin;mso-fareast-language:DE\">Browser\nPlugin<\/span><\/b><span style=\"font-size:12.0pt;font-family:&quot;Calibri Light&quot;,sans-serif;\nmso-ascii-theme-font:major-latin;mso-fareast-font-family:&quot;Times New Roman&quot;;\nmso-hansi-theme-font:major-latin;mso-bidi-theme-font:major-latin;mso-fareast-language:\nDE\"><o:p><\/o:p><\/span><\/p><p class=\"MsoNormal\" style=\"margin-bottom:0cm;line-height:normal\"><span style=\"font-size:12.0pt;font-family:&quot;Calibri Light&quot;,sans-serif;mso-ascii-theme-font:\nmajor-latin;mso-fareast-font-family:&quot;Times New Roman&quot;;mso-hansi-theme-font:\nmajor-latin;mso-bidi-theme-font:major-latin;mso-fareast-language:DE\">Sie k\u00f6nnen\ndie Speicherung der Cookies durch eine entsprechende Einstellung Ihrer\nBrowser-Software verhindern; wir weisen Sie jedoch darauf hin, dass Sie in\ndiesem Fall gegebenenfalls nicht s\u00e4mtliche Funktionen dieser Website vollumf\u00e4nglich\nwerden nutzen k\u00f6nnen. Sie k\u00f6nnen dar\u00fcber hinaus die Erfassung der durch den\nCookie erzeugten und auf Ihre Nutzung der Website bezogenen Daten (inkl. Ihrer\nIP-Adresse) an Google sowie die Verarbeitung dieser Daten durch Google\nverhindern, indem Sie das unter dem folgenden Link verf\u00fcgbare Browser-Plugin\nherunterladen und installieren: https:\/\/tools.google.com\/dlpage\/gaoptout?hl=de<o:p><\/o:p><\/span><\/p><p class=\"MsoNormal\" style=\"margin-bottom:0cm;line-height:normal\"><span style=\"font-size:12.0pt;font-family:&quot;Calibri Light&quot;,sans-serif;mso-ascii-theme-font:\nmajor-latin;mso-fareast-font-family:&quot;Times New Roman&quot;;mso-hansi-theme-font:\nmajor-latin;mso-bidi-theme-font:major-latin;mso-fareast-language:DE\">&nbsp;<\/span><\/p><p class=\"MsoNormal\" style=\"margin-bottom:0cm;line-height:normal\"><b><span style=\"font-size:12.0pt;font-family:&quot;Calibri Light&quot;,sans-serif;mso-ascii-theme-font:\nmajor-latin;mso-fareast-font-family:&quot;Times New Roman&quot;;mso-hansi-theme-font:\nmajor-latin;mso-bidi-theme-font:major-latin;mso-fareast-language:DE\">Google-Webfonts<\/span><\/b><span style=\"font-size:12.0pt;font-family:&quot;Calibri Light&quot;,sans-serif;mso-ascii-theme-font:\nmajor-latin;mso-fareast-font-family:&quot;Times New Roman&quot;;mso-hansi-theme-font:\nmajor-latin;mso-bidi-theme-font:major-latin;mso-fareast-language:DE\"><o:p><\/o:p><\/span><\/p><p class=\"MsoNormal\" style=\"margin-bottom:0cm;line-height:normal\"><span style=\"font-size:12.0pt;font-family:&quot;Calibri Light&quot;,sans-serif;mso-ascii-theme-font:\nmajor-latin;mso-fareast-font-family:&quot;Times New Roman&quot;;mso-hansi-theme-font:\nmajor-latin;mso-bidi-theme-font:major-latin;mso-fareast-language:DE\">Auf diesen\nInternetseiten werden externe Schriften, Google Fonts, verwendet. Google Fonts\nist ein Dienst der Google Inc. (\u201eGoogle\u201c). Die Einbindung dieser Web Fonts\nerfolgt durch einen Serveraufruf, in der Regel ein Server von Google in den\nUSA. Hierdurch wird an den Server \u00fcbermittelt, welche unserer Internetseiten\nSie besucht haben. Auch wird die IP-Adresse des Browsers des Endger\u00e4tes des\nBesuchers dieser Internetseiten von Google gespeichert. N\u00e4here Informationen\nfinden Sie in den Datenschutzhinweisen von Google, die Sie hier abrufen k\u00f6nnen:\n<\/span><a href=\"http:\/\/www.google.com\/fonts#AboutPlace:about\" target=\"_blank\"><span style=\"font-size:12.0pt;font-family:&quot;Calibri Light&quot;,sans-serif;mso-ascii-theme-font:\nmajor-latin;mso-fareast-font-family:&quot;Times New Roman&quot;;mso-hansi-theme-font:\nmajor-latin;mso-bidi-theme-font:major-latin;color:blue;mso-fareast-language:\nDE\">www.google.com\/fonts#AboutPlace:about<\/span><\/a><span style=\"font-size:\n12.0pt;font-family:&quot;Calibri Light&quot;,sans-serif;mso-ascii-theme-font:major-latin;\nmso-fareast-font-family:&quot;Times New Roman&quot;;mso-hansi-theme-font:major-latin;\nmso-bidi-theme-font:major-latin;mso-fareast-language:DE\"><o:p><\/o:p><\/span><\/p><p class=\"MsoNormal\" style=\"margin-bottom:0cm;line-height:normal\"><span style=\"font-size:12.0pt;font-family:&quot;Calibri Light&quot;,sans-serif;mso-ascii-theme-font:\nmajor-latin;mso-fareast-font-family:&quot;Times New Roman&quot;;mso-hansi-theme-font:\nmajor-latin;mso-bidi-theme-font:major-latin;mso-fareast-language:DE\">&nbsp;<\/span><\/p><p class=\"MsoNormal\" style=\"margin-bottom:0cm;line-height:normal\"><b><span style=\"font-size:12.0pt;font-family:&quot;Calibri Light&quot;,sans-serif;mso-ascii-theme-font:\nmajor-latin;mso-fareast-font-family:&quot;Times New Roman&quot;;mso-hansi-theme-font:\nmajor-latin;mso-bidi-theme-font:major-latin;mso-fareast-language:DE\">Auskunft<\/span><\/b><span style=\"font-size:12.0pt;font-family:&quot;Calibri Light&quot;,sans-serif;mso-ascii-theme-font:\nmajor-latin;mso-fareast-font-family:&quot;Times New Roman&quot;;mso-hansi-theme-font:\nmajor-latin;mso-bidi-theme-font:major-latin;mso-fareast-language:DE\"><o:p><\/o:p><\/span><\/p><p class=\"MsoNormal\" style=\"margin-bottom:0cm;line-height:normal\"><span style=\"font-size:12.0pt;font-family:&quot;Calibri Light&quot;,sans-serif;mso-ascii-theme-font:\nmajor-latin;mso-fareast-font-family:&quot;Times New Roman&quot;;mso-hansi-theme-font:\nmajor-latin;mso-bidi-theme-font:major-latin;mso-fareast-language:DE\">Nach dem\nBDSG haben Sie das Recht eine unentgeltliche Auskunft \u00fcber Ihre gespeicherten\nDaten zu erhalten und das Recht auf ggf. Berichtigung, Sperrung oder L\u00f6schung\ndieser Daten.<o:p><\/o:p><\/span><\/p><p class=\"MsoNormal\" style=\"margin-bottom:0cm;line-height:normal\"><span style=\"font-size:12.0pt;font-family:&quot;Calibri Light&quot;,sans-serif;mso-ascii-theme-font:\nmajor-latin;mso-fareast-font-family:&quot;Times New Roman&quot;;mso-hansi-theme-font:\nmajor-latin;mso-bidi-theme-font:major-latin;mso-fareast-language:DE\">&nbsp;<\/span><\/p><p class=\"MsoNormal\" style=\"margin-bottom:0cm;line-height:normal\"><b><span style=\"font-size:12.0pt;font-family:&quot;Calibri Light&quot;,sans-serif;mso-ascii-theme-font:\nmajor-latin;mso-fareast-font-family:&quot;Times New Roman&quot;;mso-hansi-theme-font:\nmajor-latin;mso-bidi-theme-font:major-latin;mso-fareast-language:DE\">Fragen zum\nDatenschutz<\/span><\/b><span style=\"font-size:12.0pt;font-family:&quot;Calibri Light&quot;,sans-serif;\nmso-ascii-theme-font:major-latin;mso-fareast-font-family:&quot;Times New Roman&quot;;\nmso-hansi-theme-font:major-latin;mso-bidi-theme-font:major-latin;mso-fareast-language:\nDE\"><o:p><\/o:p><\/span><\/p><p class=\"MsoNormal\" style=\"margin-bottom:0cm;line-height:normal\"><span style=\"font-size:12.0pt;font-family:&quot;Calibri Light&quot;,sans-serif;mso-ascii-theme-font:\nmajor-latin;mso-fareast-font-family:&quot;Times New Roman&quot;;mso-hansi-theme-font:\nmajor-latin;mso-bidi-theme-font:major-latin;mso-fareast-language:DE\">Bei Fragen\nzur Verarbeitung Ihrer pers\u00f6nlichen Daten oder zum Thema Datenschutz im\nAllgemeinen wenden Sie sich bitte an den Datenschutz-Beauftragten, der Ihnen\nauch im Falle von Beschwerden zur Verf\u00fcgung steht. Siehe Kontaktdaten Impressum.<o:p><\/o:p><\/span><\/p><p class=\"MsoNormal\" style=\"margin-bottom: 0cm; line-height: normal;\">\n\n\n\n\n\n\n\n\n\n\n\n\n\n\n\n\n\n\n\n\n\n\n\n\n\n\n\n\n\n\n\n\n\n\n\n\n\n\n\n\n\n\n\n\n\n\n\n\n\n\n\n\n\n\n\n\n\n\n\n\n\n<\/p><p class=\"MsoNormal\"><span style=\"font-family:&quot;Calibri Light&quot;,sans-serif;\nmso-ascii-theme-font:major-latin;mso-hansi-theme-font:major-latin;mso-bidi-theme-font:\nmajor-latin\">&nbsp;<\/span><\/p><\/div>\n\t\t\t\t<\/div>\n\t\t\t\t<\/div>\n\t\t\t\t\t\t<\/div>\n\t\t\t\t\t<\/div>\n\t\t<\/div>\n\t\t\t\t\t\t\t\t<\/div>\n\t\t\t\t\t<\/div>\n\t\t<\/section>\n\t\t\t\t\t\t<\/div>\n\t\t\t\t\t\t<\/div>\n\t\t\t\t\t<\/div>\n\t\t","protected":false},"excerpt":{"rendered":"<p>Datenschutzerkl\u00e4rung Datenschutz Der Schutz Ihrer Privatsph\u00e4re bei der Verarbeitung pers\u00f6nlicher Daten ist uns besonders wichtig.&nbsp;Hier verschaffen Sie sich einen \u00dcberblick, welche Daten die wir zu welchem Zweck erheben und welche Sicherheitsma\u00dfnahmen wir treffen.&nbsp;Pers\u00f6nliche Daten, die Sie uns beim Besuch dieser Webseite mitteilen, werden gem\u00e4\u00df dem Bundesdatenschutzgesetz (BDSG) und anderen gesetzlichen Bestimmungen verarbeitet.&nbsp;Die Nutzung unserer Website &hellip;<\/p>\n<p class=\"read-more\"> <a class=\"\" href=\"https:\/\/nutzfahrzeuge-omega.de\/?page_id=408\"> <span class=\"screen-reader-text\">Datenschutz<\/span> Weiterlesen &raquo;<\/a><\/p>\n","protected":false},"author":1,"featured_media":0,"parent":0,"menu_order":0,"comment_status":"closed","ping_status":"closed","template":"","meta":[],"_links":{"self":[{"href":"https:\/\/nutzfahrzeuge-omega.de\/index.php?rest_route=\/wp\/v2\/pages\/408"}],"collection":[{"href":"https:\/\/nutzfahrzeuge-omega.de\/index.php?rest_route=\/wp\/v2\/pages"}],"about":[{"href":"https:\/\/nutzfahrzeuge-omega.de\/index.php?rest_route=\/wp\/v2\/types\/page"}],"author":[{"embeddable":true,"href":"https:\/\/nutzfahrzeuge-omega.de\/index.php?rest_route=\/wp\/v2\/users\/1"}],"replies":[{"embeddable":true,"href":"https:\/\/nutzfahrzeuge-omega.de\/index.php?rest_route=%2Fwp%2Fv2%2Fcomments&post=408"}],"version-history":[{"count":15,"href":"https:\/\/nutzfahrzeuge-omega.de\/index.php?rest_route=\/wp\/v2\/pages\/408\/revisions"}],"predecessor-version":[{"id":702,"href":"https:\/\/nutzfahrzeuge-omega.de\/index.php?rest_route=\/wp\/v2\/pages\/408\/revisions\/702"}],"wp:attachment":[{"href":"https:\/\/nutzfahrzeuge-omega.de\/index.php?rest_route=%2Fwp%2Fv2%2Fmedia&parent=408"}],"curies":[{"name":"wp","href":"https:\/\/api.w.org\/{rel}","templated":true}]}}