{"id":406,"date":"2021-08-10T14:42:33","date_gmt":"2021-08-10T14:42:33","guid":{"rendered":"http:\/\/nutzfahrzeuge-omega.de\/?page_id=406"},"modified":"2021-08-12T15:46:41","modified_gmt":"2021-08-12T15:46:41","slug":"impressum","status":"publish","type":"page","link":"https:\/\/nutzfahrzeuge-omega.de\/?page_id=406","title":{"rendered":"Impressum"},"content":{"rendered":"\t\t<div data-elementor-type=\"wp-page\" data-elementor-id=\"406\" class=\"elementor elementor-406\" data-elementor-settings=\"[]\">\n\t\t\t\t\t\t<div class=\"elementor-inner\">\n\t\t\t\t\t\t\t<div class=\"elementor-section-wrap\">\n\t\t\t\t\t\t\t<section class=\"has_ma_el_slider elementor-section elementor-top-section elementor-element elementor-element-4a1b5a3 elementor-section-boxed elementor-section-height-default elementor-section-height-default\" data-id=\"4a1b5a3\" data-element_type=\"section\">\n\t\t\t\t\t\t<div class=\"elementor-container elementor-column-gap-default\">\n\t\t\t\t\t\t\t<div class=\"elementor-row\">\n\t\t\t\t\t<div class=\"has_ma_el_slider elementor-column elementor-col-100 elementor-top-column elementor-element elementor-element-81caab0\" data-id=\"81caab0\" data-element_type=\"column\">\n\t\t\t<div class=\"elementor-column-wrap elementor-element-populated\">\n\t\t\t\t\t\t\t<div class=\"elementor-widget-wrap\">\n\t\t\t\t\t\t<div class=\"elementor-element elementor-element-b715026 elementor-widget elementor-widget-image\" data-id=\"b715026\" data-element_type=\"widget\" data-widget_type=\"image.default\">\n\t\t\t\t<div class=\"elementor-widget-container\">\n\t\t\t\t\t<div class=\"elementor-image\">\n\t\t\t\t\t\t\t\t\t\t<img width=\"250\" height=\"86\" src=\"https:\/\/nutzfahrzeuge-omega.de\/wp-content\/uploads\/2021\/08\/OMEGA_Klein_Google..jpg\" class=\"attachment-large size-large\" alt=\"\" loading=\"lazy\" \/>\t\t\t\t\t\t\t\t\t\t\t<\/div>\n\t\t\t\t<\/div>\n\t\t\t\t<\/div>\n\t\t\t\t<div class=\"elementor-element elementor-element-0c184f9 elementor-widget elementor-widget-heading\" data-id=\"0c184f9\" data-element_type=\"widget\" data-widget_type=\"heading.default\">\n\t\t\t\t<div class=\"elementor-widget-container\">\n\t\t\t<h2 class=\"elementor-heading-title elementor-size-default\">Impressum<\/h2>\t\t<\/div>\n\t\t\t\t<\/div>\n\t\t\t\t<div class=\"elementor-element elementor-element-ca57c8b elementor-widget elementor-widget-text-editor\" data-id=\"ca57c8b\" data-element_type=\"widget\" data-widget_type=\"text-editor.default\">\n\t\t\t\t<div class=\"elementor-widget-container\">\n\t\t\t\t\t<div class=\"elementor-text-editor elementor-clearfix\"><p>Angaben gem\u00e4\u00df \u00a7 5 TMG:<\/p><p>Firma:<br>Omega Nutzfahrzeuge GmbH<br>Kronprinzstr. 2<br>40746 Langenfeld<br>T +49 152 57841653<br>www.omega-nutzfahrzeuge.eu<\/p><p>Vertreten durch:<br>Gesch\u00e4ftsf\u00fchrung: Adam Abdel Aziz<\/p><p>Registereintrag:<br>Eintragung im Handelsregister<br>Amtsgericht D\u00fcsseldorf HRB 80985<\/p><p>Umsatzsteuer:<br>Umsatzsteuer-Identifikationsnummer gem\u00e4\u00df \u00a727 a Umsatzsteuergesetz:<br>UST-Id.-Nr.: DE312979920<br>EORI-Nr.: DE202544649793359<\/p><p>\n\n\n\n\n<\/p><p>Steuernummer:<br>DE312979920<\/p><\/div>\n\t\t\t\t<\/div>\n\t\t\t\t<\/div>\n\t\t\t\t\t\t<\/div>\n\t\t\t\t\t<\/div>\n\t\t<\/div>\n\t\t\t\t\t\t\t\t<\/div>\n\t\t\t\t\t<\/div>\n\t\t<\/section>\n\t\t\t\t\t\t<\/div>\n\t\t\t\t\t\t<\/div>\n\t\t\t\t\t<\/div>\n\t\t","protected":false},"excerpt":{"rendered":"<p>Impressum Angaben gem\u00e4\u00df \u00a7 5 TMG: Firma: Omega Nutzfahrzeuge GmbH Kronprinzstr. 2 40746 Langenfeld T +49 152 57841653 www.omega-nutzfahrzeuge.eu Vertreten durch: Gesch\u00e4ftsf\u00fchrung: Adam Abdel Aziz Registereintrag: Eintragung im Handelsregister Amtsgericht D\u00fcsseldorf HRB 80985 Umsatzsteuer: Umsatzsteuer-Identifikationsnummer gem\u00e4\u00df \u00a727 a Umsatzsteuergesetz: UST-Id.-Nr.: DE312979920 EORI-Nr.: DE202544649793359 Steuernummer: DE312979920<\/p>\n","protected":false},"author":1,"featured_media":0,"parent":0,"menu_order":0,"comment_status":"closed","ping_status":"closed","template":"","meta":[],"_links":{"self":[{"href":"https:\/\/nutzfahrzeuge-omega.de\/index.php?rest_route=\/wp\/v2\/pages\/406"}],"collection":[{"href":"https:\/\/nutzfahrzeuge-omega.de\/index.php?rest_route=\/wp\/v2\/pages"}],"about":[{"href":"https:\/\/nutzfahrzeuge-omega.de\/index.php?rest_route=\/wp\/v2\/types\/page"}],"author":[{"embeddable":true,"href":"https:\/\/nutzfahrzeuge-omega.de\/index.php?rest_route=\/wp\/v2\/users\/1"}],"replies":[{"embeddable":true,"href":"https:\/\/nutzfahrzeuge-omega.de\/index.php?rest_route=%2Fwp%2Fv2%2Fcomments&post=406"}],"version-history":[{"count":9,"href":"https:\/\/nutzfahrzeuge-omega.de\/index.php?rest_route=\/wp\/v2\/pages\/406\/revisions"}],"predecessor-version":[{"id":707,"href":"https:\/\/nutzfahrzeuge-omega.de\/index.php?rest_route=\/wp\/v2\/pages\/406\/revisions\/707"}],"wp:attachment":[{"href":"https:\/\/nutzfahrzeuge-omega.de\/index.php?rest_route=%2Fwp%2Fv2%2Fmedia&parent=406"}],"curies":[{"name":"wp","href":"https:\/\/api.w.org\/{rel}","templated":true}]}}